{"id":4493,"date":"2022-11-23T14:33:27","date_gmt":"2022-11-23T13:33:27","guid":{"rendered":"https:\/\/orkus1.com\/imprint\/"},"modified":"2025-01-23T11:27:48","modified_gmt":"2025-01-23T10:27:48","slug":"imprint","status":"publish","type":"page","link":"https:\/\/orkus1.com\/en\/imprint\/","title":{"rendered":"Imprint (Impressum)"},"content":{"rendered":"\n<p><strong>Publisher:<\/strong><br\/>Zoomia Medien<br\/>Claus M\u00fcller<br\/><br\/>Postal address:<br\/>Orkus! Magazine<br\/>P.O. Box 1121<br\/>61477 Glash\u00fctten\/Taunus <br\/><br\/>Shipping address:<br\/>Zoomia Medien<br\/>Claus M\u00fcller<br\/>Orkus! Magazine<br\/>Johann-Marx-Stra\u00dfe 8<br\/>61479 Glash\u00fctten\/Taunus <br\/><br\/>Tel: 06174-961368<br\/>e-mail: contact _at_ orkus.de<br\/>VAT ID: DE 188978856<br\/><br\/><br\/><strong>Managing director, editor-in-chief, production manager:<\/strong><br\/>Claus M\u00fcller (V.i.S.d.P.)<br\/>claus.mueller_at_orkus.de<br\/><br\/><strong>Head of music editorial office:<\/strong><br\/>Claus M\u00fcller<br\/>claus.mueller_at_orkus.de<br\/>Claudia Zinn-Zinnenburg<br\/>claudia.zinn-zinnenburg_at_orkus.de<br\/><br\/><br\/><strong>Editorial management for film\/home entertainment, computer\/video games:<\/strong><br\/>TPC Media Consulting<br\/>Tim Lemke<br\/>Frankfurter Stra\u00dfe 128<br\/>63067 Offenbach<br\/>Tel.: 069-90 750 21-2<br\/>Fax: 069-90 750 21-3<br\/>mobile: 0162-744 1230<br\/>tim.lemke_at_tpc-media.de<br\/><a href=\"http:\/\/www.tpc-media.de\">www.tpc-media.de<\/a><br\/><br\/><strong>Advertising sales for artists, indie labels and major labels:<\/strong><br\/>Claus M\u00fcller<br\/>claus.mueller_at_orkus.de<br\/><br\/><strong>Advertising sales for film\/home entertainment, computer\/video games, fashion, clubs, events, publishers:<\/strong><br\/>TPC Media Consulting<br\/>Tim Lemke<br\/>Frankfurter Stra\u00dfe 128<br\/>63067 Offenbach<br\/>Tel.: 069-90 750 21-2<br\/>Fax: 069-90 750 21-3<br\/>mobile: 0162-744 1230<br\/>tim.lemke_at_tpc-media.de<br\/><a href=\"http:\/\/www.tpc-media.de\">www.tpc-media.de<\/a><br\/><br\/><br\/><br\/><strong>Online administrator:<\/strong><br\/>Kerstin M\u00fcller<br\/>kerstin_at_orkus.de<br\/><br\/><br\/><strong>Editorial staff:<\/strong><br\/>Marcel Anders, Marco Frank, Marc Frei, Thomas Friedel Fuhrmann, Michael Fuchs-Gamb\u00f6ck, Paul Grace, Melanie Haack, Marc Halupczok, Katrin Hemmerling, Marie-Luise Henke, Nadine Kloppert, Isabell K\u00f6ster, Jeff Miller, Steven Mill, Kerstin M\u00fcller, Olaf Neumann, Sam Oeder, Giovanni Perna, Annabelle Reiter, Jana Rischke-Tanaka, Steffen R\u00fcth, Michael Schille, Katja Schwemmers, Ecki Stieg, Thomas Thyssen, Maria Vain, Mina Wagner, Fabienne Wiedmann, Elena Winter, Martina Wutscher, Heinrich Zeschner, Christian Ziemens, Claudia Zinn-Zinnenburg<br\/><br\/><strong>Permanent photographers:<\/strong><br\/>Annie Bertram, blende666, Thomas Friedel Fuhrmann, Michael Gamon, Axel Heyder, Patrick Lehnert, Christin Kersten, Elias Nieke, Stefan Otto, Lorenz Pietzsch, Claudia Sch\u00f6ne<br\/><br\/><br\/><strong>Orkus! print subscription:<\/strong><br\/>Half-year subscription Euro 34.95 (incl. VAT, P&amp;V)<br\/>One-year subscription Euro 69.95 (incl. VAT, P&amp;V)<br\/>Two-year subscription Euro 129.00 (incl. VAT, P&amp;V)<br\/><br\/>Annual foreign\/world subscription Euro 89.95 (+ P&amp;V)<br\/><br\/><strong>Subscription administration:<\/strong><br\/>Kerstin M\u00fcller<br\/>P.O. Box 1121<br\/>61477 Glash\u00fctten\/Taunus<br\/>abo _at_ orkus.de<br\/><br\/><br\/>Reproduction, including excerpts, only with the written permission of the publisher. No liability for unsolicited manuscripts, photos, sound recordings, etc. Articles marked with the author&#8217;s name only reflect the opinion of the respective author.<\/p>\n\n<p><br\/>We use third-party vendors to serve ads when you visit our website. These companies may use information (this does not include your name, address, e-mail address or telephone number) about your visits to this and other websites in order to serve ads about products and services of interest to you. If you would like to learn more about these methods or what your options are to prevent this information from being used by companies, click <a href=\"http:\/\/www.google.de\/privacy_ads.html\">here<\/a>.<br\/><br\/>With its decision of May 12, 1998 &#8211; 312 O 85\/98 &#8211; &#8220;Liability for Links&#8221; &#8211; the Regional Court (RC) of Hamburg ruled that by placing a link on one&#8217;s website, one may be jointly responsible for the contents of the linked page. According to the RC, this can only be prevented by expressly distancing oneself from this content. We hereby expressly distance ourselves from all contents of all linked pages on our homepage and do not adopt these contents as our own. This declaration applies to all links on this website.<br\/><br\/>Disclaimer: The information provided on this website has been carefully checked and is regularly updated. However, no guarantee can be given that all information is complete, correct and up to date at all times. This applies in particular to all connections (&#8220;links&#8221;) to other websites to which direct or indirect reference is made. All information can be supplemented, removed or changed without prior notice.<\/p>\n","protected":false},"excerpt":{"rendered":"<p>Publisher:Zoomia MedienClaus M\u00fcller Postal address:Orkus! MagazineP.O. Box 112161477 Glash\u00fctten\/Taunus Shipping address:Zoomia MedienClaus M\u00fcllerOrkus! MagazineJohann-Marx-Stra\u00dfe 861479 Glash\u00fctten\/Taunus Tel: 06174-961368e-mail: contact _at_ orkus.deVAT ID: DE 188978856 Managing director, editor-in-chief, production manager:Claus M\u00fcller (V.i.S.d.P.)claus.mueller_at_orkus.de Head of music editorial office:Claus M\u00fcllerclaus.mueller_at_orkus.deClaudia Zinn-Zinnenburgclaudia.zinn-zinnenburg_at_orkus.de Editorial management for film\/home entertainment, computer\/video games:TPC Media ConsultingTim LemkeFrankfurter Stra\u00dfe 12863067 OffenbachTel.: 069-90 750 21-2Fax: 069-90 [&hellip;]<\/p>\n","protected":false},"author":2,"featured_media":0,"parent":0,"menu_order":0,"comment_status":"closed","ping_status":"closed","template":"","meta":{"_acf_changed":false,"footnotes":""},"class_list":["post-4493","page","type-page","status-publish","hentry"],"acf":[],"yoast_head":"<!-- This site is optimized with the Yoast SEO plugin v27.1.1 - https:\/\/yoast.com\/product\/yoast-seo-wordpress\/ -->\n<title>Imprint (Impressum) - Orkus1.com<\/title>\n<meta name=\"robots\" content=\"index, follow, max-snippet:-1, max-image-preview:large, max-video-preview:-1\" \/>\n<link rel=\"canonical\" href=\"https:\/\/orkus1.com\/en\/imprint\/\" \/>\n<meta property=\"og:locale\" content=\"en_US\" \/>\n<meta property=\"og:type\" content=\"article\" \/>\n<meta property=\"og:title\" content=\"Imprint (Impressum) - Orkus1.com\" \/>\n<meta property=\"og:description\" content=\"Publisher:Zoomia MedienClaus M\u00fcller Postal address:Orkus! MagazineP.O. Box 112161477 Glash\u00fctten\/Taunus Shipping address:Zoomia MedienClaus M\u00fcllerOrkus! MagazineJohann-Marx-Stra\u00dfe 861479 Glash\u00fctten\/Taunus Tel: 06174-961368e-mail: contact _at_ orkus.deVAT ID: DE 188978856 Managing director, editor-in-chief, production manager:Claus M\u00fcller (V.i.S.d.P.)claus.mueller_at_orkus.de Head of music editorial office:Claus M\u00fcllerclaus.mueller_at_orkus.deClaudia Zinn-Zinnenburgclaudia.zinn-zinnenburg_at_orkus.de Editorial management for film\/home entertainment, computer\/video games:TPC Media ConsultingTim LemkeFrankfurter Stra\u00dfe 12863067 OffenbachTel.: 069-90 750 21-2Fax: 069-90 [&hellip;]\" \/>\n<meta property=\"og:url\" content=\"https:\/\/orkus1.com\/en\/imprint\/\" \/>\n<meta property=\"og:site_name\" content=\"Orkus1.com\" \/>\n<meta property=\"article:modified_time\" content=\"2025-01-23T10:27:48+00:00\" \/>\n<meta name=\"twitter:card\" content=\"summary_large_image\" \/>\n<meta name=\"twitter:label1\" content=\"Est. reading time\" \/>\n\t<meta name=\"twitter:data1\" content=\"3 minutes\" \/>\n<script type=\"application\/ld+json\" class=\"yoast-schema-graph\">{\"@context\":\"https:\/\/schema.org\",\"@graph\":[{\"@type\":\"WebPage\",\"@id\":\"https:\/\/orkus1.com\/en\/imprint\/\",\"url\":\"https:\/\/orkus1.com\/en\/imprint\/\",\"name\":\"Imprint (Impressum) - Orkus1.com\",\"isPartOf\":{\"@id\":\"https:\/\/orkus1.com\/en\/#website\"},\"datePublished\":\"2022-11-23T13:33:27+00:00\",\"dateModified\":\"2025-01-23T10:27:48+00:00\",\"breadcrumb\":{\"@id\":\"https:\/\/orkus1.com\/en\/imprint\/#breadcrumb\"},\"inLanguage\":\"en-US\",\"potentialAction\":[{\"@type\":\"ReadAction\",\"target\":[\"https:\/\/orkus1.com\/en\/imprint\/\"]}]},{\"@type\":\"BreadcrumbList\",\"@id\":\"https:\/\/orkus1.com\/en\/imprint\/#breadcrumb\",\"itemListElement\":[{\"@type\":\"ListItem\",\"position\":1,\"name\":\"Startseite\",\"item\":\"https:\/\/orkus1.com\/en\/\"},{\"@type\":\"ListItem\",\"position\":2,\"name\":\"Imprint (Impressum)\"}]},{\"@type\":\"WebSite\",\"@id\":\"https:\/\/orkus1.com\/en\/#website\",\"url\":\"https:\/\/orkus1.com\/en\/\",\"name\":\"Orkus1.com\",\"description\":\"The darker side of music\",\"publisher\":{\"@id\":\"https:\/\/orkus1.com\/en\/#organization\"},\"potentialAction\":[{\"@type\":\"SearchAction\",\"target\":{\"@type\":\"EntryPoint\",\"urlTemplate\":\"https:\/\/orkus1.com\/en\/?s={search_term_string}\"},\"query-input\":{\"@type\":\"PropertyValueSpecification\",\"valueRequired\":true,\"valueName\":\"search_term_string\"}}],\"inLanguage\":\"en-US\"},{\"@type\":\"Organization\",\"@id\":\"https:\/\/orkus1.com\/en\/#organization\",\"name\":\"Orkus1.com\",\"url\":\"https:\/\/orkus1.com\/en\/\",\"logo\":{\"@type\":\"ImageObject\",\"inLanguage\":\"en-US\",\"@id\":\"https:\/\/orkus1.com\/en\/#\/schema\/logo\/image\/\",\"url\":\"https:\/\/orkus1.com\/wp-content\/uploads\/2023\/03\/logo-orkus.png\",\"contentUrl\":\"https:\/\/orkus1.com\/wp-content\/uploads\/2023\/03\/logo-orkus.png\",\"width\":724,\"height\":164,\"caption\":\"Orkus1.com\"},\"image\":{\"@id\":\"https:\/\/orkus1.com\/en\/#\/schema\/logo\/image\/\"}}]}<\/script>\n<!-- \/ Yoast SEO plugin. -->","yoast_head_json":{"title":"Imprint (Impressum) - Orkus1.com","robots":{"index":"index","follow":"follow","max-snippet":"max-snippet:-1","max-image-preview":"max-image-preview:large","max-video-preview":"max-video-preview:-1"},"canonical":"https:\/\/orkus1.com\/en\/imprint\/","og_locale":"en_US","og_type":"article","og_title":"Imprint (Impressum) - Orkus1.com","og_description":"Publisher:Zoomia MedienClaus M\u00fcller Postal address:Orkus! MagazineP.O. Box 112161477 Glash\u00fctten\/Taunus Shipping address:Zoomia MedienClaus M\u00fcllerOrkus! MagazineJohann-Marx-Stra\u00dfe 861479 Glash\u00fctten\/Taunus Tel: 06174-961368e-mail: contact _at_ orkus.deVAT ID: DE 188978856 Managing director, editor-in-chief, production manager:Claus M\u00fcller (V.i.S.d.P.)claus.mueller_at_orkus.de Head of music editorial office:Claus M\u00fcllerclaus.mueller_at_orkus.deClaudia Zinn-Zinnenburgclaudia.zinn-zinnenburg_at_orkus.de Editorial management for film\/home entertainment, computer\/video games:TPC Media ConsultingTim LemkeFrankfurter Stra\u00dfe 12863067 OffenbachTel.: 069-90 750 21-2Fax: 069-90 [&hellip;]","og_url":"https:\/\/orkus1.com\/en\/imprint\/","og_site_name":"Orkus1.com","article_modified_time":"2025-01-23T10:27:48+00:00","twitter_card":"summary_large_image","twitter_misc":{"Est. reading time":"3 minutes"},"schema":{"@context":"https:\/\/schema.org","@graph":[{"@type":"WebPage","@id":"https:\/\/orkus1.com\/en\/imprint\/","url":"https:\/\/orkus1.com\/en\/imprint\/","name":"Imprint (Impressum) - Orkus1.com","isPartOf":{"@id":"https:\/\/orkus1.com\/en\/#website"},"datePublished":"2022-11-23T13:33:27+00:00","dateModified":"2025-01-23T10:27:48+00:00","breadcrumb":{"@id":"https:\/\/orkus1.com\/en\/imprint\/#breadcrumb"},"inLanguage":"en-US","potentialAction":[{"@type":"ReadAction","target":["https:\/\/orkus1.com\/en\/imprint\/"]}]},{"@type":"BreadcrumbList","@id":"https:\/\/orkus1.com\/en\/imprint\/#breadcrumb","itemListElement":[{"@type":"ListItem","position":1,"name":"Startseite","item":"https:\/\/orkus1.com\/en\/"},{"@type":"ListItem","position":2,"name":"Imprint (Impressum)"}]},{"@type":"WebSite","@id":"https:\/\/orkus1.com\/en\/#website","url":"https:\/\/orkus1.com\/en\/","name":"Orkus1.com","description":"The darker side of music","publisher":{"@id":"https:\/\/orkus1.com\/en\/#organization"},"potentialAction":[{"@type":"SearchAction","target":{"@type":"EntryPoint","urlTemplate":"https:\/\/orkus1.com\/en\/?s={search_term_string}"},"query-input":{"@type":"PropertyValueSpecification","valueRequired":true,"valueName":"search_term_string"}}],"inLanguage":"en-US"},{"@type":"Organization","@id":"https:\/\/orkus1.com\/en\/#organization","name":"Orkus1.com","url":"https:\/\/orkus1.com\/en\/","logo":{"@type":"ImageObject","inLanguage":"en-US","@id":"https:\/\/orkus1.com\/en\/#\/schema\/logo\/image\/","url":"https:\/\/orkus1.com\/wp-content\/uploads\/2023\/03\/logo-orkus.png","contentUrl":"https:\/\/orkus1.com\/wp-content\/uploads\/2023\/03\/logo-orkus.png","width":724,"height":164,"caption":"Orkus1.com"},"image":{"@id":"https:\/\/orkus1.com\/en\/#\/schema\/logo\/image\/"}}]}},"jetpack_sharing_enabled":true,"_links":{"self":[{"href":"https:\/\/orkus1.com\/en\/wp-json\/wp\/v2\/pages\/4493","targetHints":{"allow":["GET"]}}],"collection":[{"href":"https:\/\/orkus1.com\/en\/wp-json\/wp\/v2\/pages"}],"about":[{"href":"https:\/\/orkus1.com\/en\/wp-json\/wp\/v2\/types\/page"}],"author":[{"embeddable":true,"href":"https:\/\/orkus1.com\/en\/wp-json\/wp\/v2\/users\/2"}],"replies":[{"embeddable":true,"href":"https:\/\/orkus1.com\/en\/wp-json\/wp\/v2\/comments?post=4493"}],"version-history":[{"count":8,"href":"https:\/\/orkus1.com\/en\/wp-json\/wp\/v2\/pages\/4493\/revisions"}],"predecessor-version":[{"id":28309,"href":"https:\/\/orkus1.com\/en\/wp-json\/wp\/v2\/pages\/4493\/revisions\/28309"}],"wp:attachment":[{"href":"https:\/\/orkus1.com\/en\/wp-json\/wp\/v2\/media?parent=4493"}],"curies":[{"name":"wp","href":"https:\/\/api.w.org\/{rel}","templated":true}]}}